{"id":2290,"date":"2024-05-08T16:46:25","date_gmt":"2024-05-08T16:46:25","guid":{"rendered":"https:\/\/aseroladetox.com\/?post_type=product&#038;p=2290"},"modified":"2026-03-19T21:28:25","modified_gmt":"2026-03-19T21:28:25","slug":"wiltlife-detox-tee","status":"publish","type":"product","link":"https:\/\/aseroladetox.com\/tr\/product\/wiltlife-detox-tee\/","title":{"rendered":"Wiltlife-Detox-Tee-Aktion 39,95 euro"},"content":{"rendered":"<p>Wiltlife-Detox-Tee, L-Karnitin ve 11 farkl\u0131 bitki ekstresi i\u00e7eren \u00f6zel form\u00fcl\u00fcyle metabolizmay\u0131 desteklemeye, v\u00fccuttaki toksinlerin at\u0131lmas\u0131na ve kilo kontrol s\u00fcrecine yard\u0131mc\u0131 olmaya y\u00f6nelik geli\u015ftirilmi\u015f bitkisel bir detoks \u00e7ay\u0131d\u0131r. \u0130\u00e7eri\u011finde ekinezya, biberiye, yaban mersini, guarana ve goji berry gibi do\u011fal bile\u015fenler bulunur. D\u00fczenli kullan\u0131m ve yeterli su t\u00fcketimi ile birlikte hafiflik hissi, enerji deste\u011fi ve dengeli ya\u015fam tarz\u0131n\u0131 desteklemeye yard\u0131mc\u0131 olabilir.<\/p>","protected":false},"excerpt":{"rendered":"<p>Wiltlife-Detox-Tee, \u00f6zel bitki kar\u0131\u015f\u0131m\u0131yla metabolizmay\u0131 desteklemeye, sindirim sistemini rahatlatmaya ve kilo kontrol s\u00fcrecine yard\u0131mc\u0131 olmaya y\u00f6nelik haz\u0131rlanm\u0131\u015f bitkisel bir \u00e7ayd\u0131r. D\u00fczenli kullan\u0131mda hafif ve dengeli bir ya\u015fam tarz\u0131n\u0131 destekler.<\/p>","protected":false},"featured_media":2063,"comment_status":"closed","ping_status":"closed","template":"","meta":[],"product_brand":[],"product_cat":[197],"product_tag":[226],"class_list":{"0":"post-2290","1":"product","2":"type-product","3":"status-publish","4":"has-post-thumbnail","6":"product_cat-wiltlife","7":"product_tag-wiltlife","9":"first","10":"instock","11":"sale","12":"shipping-taxable","13":"purchasable","14":"product-type-simple"},"aioseo_notices":[],"_links":{"self":[{"href":"https:\/\/aseroladetox.com\/tr\/wp-json\/wp\/v2\/product\/2290","targetHints":{"allow":["GET"]}}],"collection":[{"href":"https:\/\/aseroladetox.com\/tr\/wp-json\/wp\/v2\/product"}],"about":[{"href":"https:\/\/aseroladetox.com\/tr\/wp-json\/wp\/v2\/types\/product"}],"replies":[{"embeddable":true,"href":"https:\/\/aseroladetox.com\/tr\/wp-json\/wp\/v2\/comments?post=2290"}],"wp:featuredmedia":[{"embeddable":true,"href":"https:\/\/aseroladetox.com\/tr\/wp-json\/wp\/v2\/media\/2063"}],"wp:attachment":[{"href":"https:\/\/aseroladetox.com\/tr\/wp-json\/wp\/v2\/media?parent=2290"}],"wp:term":[{"taxonomy":"product_brand","embeddable":true,"href":"https:\/\/aseroladetox.com\/tr\/wp-json\/wp\/v2\/product_brand?post=2290"},{"taxonomy":"product_cat","embeddable":true,"href":"https:\/\/aseroladetox.com\/tr\/wp-json\/wp\/v2\/product_cat?post=2290"},{"taxonomy":"product_tag","embeddable":true,"href":"https:\/\/aseroladetox.com\/tr\/wp-json\/wp\/v2\/product_tag?post=2290"}],"curies":[{"name":"wp","href":"https:\/\/api.w.org\/{rel}","templated":true}]}}