{"id":2330,"date":"2024-05-08T17:22:48","date_gmt":"2024-05-08T17:22:48","guid":{"rendered":"https:\/\/aseroladetox.com\/?post_type=product&#038;p=2330"},"modified":"2026-04-10T18:36:43","modified_gmt":"2026-04-10T18:36:43","slug":"trex-detox-tee","status":"publish","type":"product","link":"https:\/\/aseroladetox.com\/tr\/product\/trex-detox-tee\/","title":{"rendered":"Srebija Trex Detox-Tee-Aktion-29,95 euro Sale"},"content":{"rendered":"<p>Srbija Trex-Tee Trex Detoks \u00c7ay\u0131, \u00e7e\u015fitli bitkisel \u00f6z\u00fctlerin bir araya getirilmesiyle haz\u0131rlanan ve genellikle v\u00fccudu ar\u0131nd\u0131rma, metabolizmay\u0131 destekleme ve sa\u011fl\u0131kl\u0131 ya\u015fam s\u00fcrecine katk\u0131 sa\u011flama amac\u0131yla kullan\u0131lan bitkisel bir \u00e7ayd\u0131r.<br \/>\nMetabolizmay\u0131 h\u0131zland\u0131rmaya yard\u0131mc\u0131 olabilir<\/p>\n<p>V\u00fccuttaki toksinlerin at\u0131lmas\u0131n\u0131 destekleyebilir<\/p>\n<p>\u0130\u015ftah kontrol\u00fcne ve tokluk hissine katk\u0131 sa\u011flayabilir<\/p>\n<p>Enerji ve canl\u0131l\u0131k hissini art\u0131rabilir<\/p>\n<p>Genellikle sabah ve ak\u015fam yemeklerden yakla\u015f\u0131k 1 saat \u00f6nce s\u0131cak su ile kar\u0131\u015ft\u0131r\u0131larak t\u00fcketilmesi \u00f6nerilir.<\/p>","protected":false},"excerpt":{"rendered":"<p>Detox-Trex Trex Detoks \u00c7ay\u0131, bitkisel i\u00e7eriklerle haz\u0131rlanm\u0131\u015f, metabolizmay\u0131 desteklemeye ve v\u00fccudu ar\u0131nd\u0131rmaya yard\u0131mc\u0131 bir detoks \u00e7ay\u0131d\u0131r. D\u00fczenli kullan\u0131mda tokluk hissini destekleyerek sa\u011fl\u0131kl\u0131 ya\u015fam s\u00fcrecine katk\u0131 sa\u011flar.<\/p>","protected":false},"featured_media":2103,"comment_status":"closed","ping_status":"closed","template":"","meta":[],"product_brand":[],"product_cat":[220,219],"product_tag":[],"class_list":{"0":"post-2330","1":"product","2":"type-product","3":"status-publish","4":"has-post-thumbnail","6":"product_cat-bestseller","7":"product_cat-trex","9":"first","10":"instock","11":"sale","12":"shipping-taxable","13":"purchasable","14":"product-type-simple"},"aioseo_notices":[],"_links":{"self":[{"href":"https:\/\/aseroladetox.com\/tr\/wp-json\/wp\/v2\/product\/2330","targetHints":{"allow":["GET"]}}],"collection":[{"href":"https:\/\/aseroladetox.com\/tr\/wp-json\/wp\/v2\/product"}],"about":[{"href":"https:\/\/aseroladetox.com\/tr\/wp-json\/wp\/v2\/types\/product"}],"replies":[{"embeddable":true,"href":"https:\/\/aseroladetox.com\/tr\/wp-json\/wp\/v2\/comments?post=2330"}],"wp:featuredmedia":[{"embeddable":true,"href":"https:\/\/aseroladetox.com\/tr\/wp-json\/wp\/v2\/media\/2103"}],"wp:attachment":[{"href":"https:\/\/aseroladetox.com\/tr\/wp-json\/wp\/v2\/media?parent=2330"}],"wp:term":[{"taxonomy":"product_brand","embeddable":true,"href":"https:\/\/aseroladetox.com\/tr\/wp-json\/wp\/v2\/product_brand?post=2330"},{"taxonomy":"product_cat","embeddable":true,"href":"https:\/\/aseroladetox.com\/tr\/wp-json\/wp\/v2\/product_cat?post=2330"},{"taxonomy":"product_tag","embeddable":true,"href":"https:\/\/aseroladetox.com\/tr\/wp-json\/wp\/v2\/product_tag?post=2330"}],"curies":[{"name":"wp","href":"https:\/\/api.w.org\/{rel}","templated":true}]}}