{"id":2332,"date":"2024-05-08T17:25:34","date_gmt":"2024-05-08T17:25:34","guid":{"rendered":"https:\/\/aseroladetox.com\/?post_type=product&#038;p=2332"},"modified":"2026-04-18T14:55:00","modified_gmt":"2026-04-18T14:55:00","slug":"meri-detox-tee","status":"publish","type":"product","link":"https:\/\/aseroladetox.com\/tr\/product\/meri-detox-tee\/","title":{"rendered":"Meri Detox-Tee -Aktion-Sale 29,95 Euro"},"content":{"rendered":"<div class=\"wpb-content-wrapper\"><div class=\"vc_row wpb_row vc_row-fluid\"><div class=\"wpb_column vc_column_container vc_col-sm-12\"><div class=\"vc_column-inner\"><div class=\"wpb_wrapper\">\n\t<div class=\"wpb_text_column wpb_content_element\" >\n\t\t<div class=\"wpb_wrapper\">\n\t\t\t<p>Meridetox-Tee Aktion-sale-29,95 Euro<\/p>\n<p data-start=\"83\" data-end=\"129\"><strong data-start=\"83\" data-end=\"129\">Meri Detox \u00c7ay\u0131 \u2013 Do\u011fal Ar\u0131nma ve Hafiflik<\/strong><\/p>\n<p data-start=\"131\" data-end=\"379\">Meri Detox \u00c7ay\u0131, \u00f6zel olarak se\u00e7ilmi\u015f do\u011fal bitki i\u00e7erikleriyle v\u00fccudunu nazik\u00e7e ar\u0131nd\u0131rmaya yard\u0131mc\u0131 olur. G\u00fcnl\u00fck ya\u015fam\u0131n getirdi\u011fi yorgunluk, d\u00fczensiz beslenme ve stresin etkilerini azaltmay\u0131 desteklerken, daha hafif ve enerjik hissetmeni sa\u011flar.<\/p>\n<p data-start=\"381\" data-end=\"595\">Sindirim sistemini destekleyen form\u00fcl\u00fc sayesinde \u015fi\u015fkinlik hissinin azalmas\u0131na yard\u0131mc\u0131 olur ve metabolizman\u0131n dengeli \u00e7al\u0131\u015fmas\u0131na katk\u0131da bulunur. D\u00fczenli kullan\u0131mda v\u00fccudunun do\u011fal dengesini korumaya destek olur.<\/p>\n<p data-start=\"597\" data-end=\"625\"><strong data-start=\"597\" data-end=\"623\">Neden Meri Detox \u00c7ay\u0131?<\/strong><\/p>\n<ul data-start=\"626\" data-end=\"769\">\n<li data-section-id=\"12p24qt\" data-start=\"626\" data-end=\"652\">Do\u011fal bitki i\u00e7erikleri<\/li>\n<li data-section-id=\"e6uqfl\" data-start=\"653\" data-end=\"678\">G\u00fcnl\u00fck detoks deste\u011fi<\/li>\n<li data-section-id=\"45bel9\" data-start=\"679\" data-end=\"702\">Sindirimi destekler<\/li>\n<li data-section-id=\"mrd6uo\" data-start=\"703\" data-end=\"738\">Hafiflik ve enerji hissi sa\u011flar<\/li>\n<li data-section-id=\"1uh3d4u\" data-start=\"739\" data-end=\"769\">Pratik ve keyifli kullan\u0131m<\/li>\n<\/ul>\n<p data-start=\"771\" data-end=\"911\">G\u00fcnl\u00fck rutininin bir par\u00e7as\u0131 haline getirerek kendin i\u00e7in k\u00fc\u00e7\u00fck ama etkili bir iyilik yap. Meri Detox \u00c7ay\u0131 ile do\u011fadan gelen dengeyi ke\u015ffet.<\/p>\n\n\t\t<\/div>\n\t<\/div>\n<\/div><\/div><\/div><\/div>\n<\/div>","protected":false},"excerpt":{"rendered":"<p>Meridetox-Tee-29,95 euro <strong data-start=\"0\" data-end=\"19\" data-is-only-node=\"\">Meri Detox \u00c7ay\u0131<\/strong>, do\u011fal bitki i\u00e7eri\u011fiyle v\u00fccudunu ar\u0131nd\u0131rmaya ve sindirimi desteklemeye yard\u0131mc\u0131 olur. G\u00fcnl\u00fck kullan\u0131mda hafiflik ve enerji hissi sunar.<\/p>","protected":false},"featured_media":2101,"comment_status":"closed","ping_status":"closed","template":"","meta":[],"product_brand":[],"product_cat":[220,218],"product_tag":[],"class_list":{"0":"post-2332","1":"product","2":"type-product","3":"status-publish","4":"has-post-thumbnail","6":"product_cat-bestseller","7":"product_cat-meri-detox","9":"first","10":"instock","11":"sale","12":"shipping-taxable","13":"purchasable","14":"product-type-simple"},"aioseo_notices":[],"_links":{"self":[{"href":"https:\/\/aseroladetox.com\/tr\/wp-json\/wp\/v2\/product\/2332","targetHints":{"allow":["GET"]}}],"collection":[{"href":"https:\/\/aseroladetox.com\/tr\/wp-json\/wp\/v2\/product"}],"about":[{"href":"https:\/\/aseroladetox.com\/tr\/wp-json\/wp\/v2\/types\/product"}],"replies":[{"embeddable":true,"href":"https:\/\/aseroladetox.com\/tr\/wp-json\/wp\/v2\/comments?post=2332"}],"wp:featuredmedia":[{"embeddable":true,"href":"https:\/\/aseroladetox.com\/tr\/wp-json\/wp\/v2\/media\/2101"}],"wp:attachment":[{"href":"https:\/\/aseroladetox.com\/tr\/wp-json\/wp\/v2\/media?parent=2332"}],"wp:term":[{"taxonomy":"product_brand","embeddable":true,"href":"https:\/\/aseroladetox.com\/tr\/wp-json\/wp\/v2\/product_brand?post=2332"},{"taxonomy":"product_cat","embeddable":true,"href":"https:\/\/aseroladetox.com\/tr\/wp-json\/wp\/v2\/product_cat?post=2332"},{"taxonomy":"product_tag","embeddable":true,"href":"https:\/\/aseroladetox.com\/tr\/wp-json\/wp\/v2\/product_tag?post=2332"}],"curies":[{"name":"wp","href":"https:\/\/api.w.org\/{rel}","templated":true}]}}