{"id":2333,"date":"2024-05-08T17:27:35","date_gmt":"2024-05-08T17:27:35","guid":{"rendered":"https:\/\/aseroladetox.com\/?post_type=product&#038;p=2333"},"modified":"2026-04-17T18:58:58","modified_gmt":"2026-04-17T18:58:58","slug":"formbella-detox-tee","status":"publish","type":"product","link":"https:\/\/aseroladetox.com\/tr\/product\/formbella-detox-tee\/","title":{"rendered":"Formbella-Detox-Tee-Aktion 29,95 Euro"},"content":{"rendered":"<p>Formbella-Tea-29,95 Euro<\/p>","protected":false},"excerpt":{"rendered":"<p>Formbella-Detox Formbella kaps\u00fcl ile formunu koru! Metabolizman\u0131 destekleyen \u00f6zel i\u00e7eri\u011fi sayesinde daha aktif ve dengeli bir ya\u015fam sunar.<\/p>","protected":false},"featured_media":2428,"comment_status":"closed","ping_status":"closed","template":"","meta":[],"product_brand":[],"product_cat":[220,217],"product_tag":[],"class_list":{"0":"post-2333","1":"product","2":"type-product","3":"status-publish","4":"has-post-thumbnail","6":"product_cat-bestseller","7":"product_cat-formbella","9":"first","10":"instock","11":"sale","12":"shipping-taxable","13":"purchasable","14":"product-type-simple"},"aioseo_notices":[],"_links":{"self":[{"href":"https:\/\/aseroladetox.com\/tr\/wp-json\/wp\/v2\/product\/2333","targetHints":{"allow":["GET"]}}],"collection":[{"href":"https:\/\/aseroladetox.com\/tr\/wp-json\/wp\/v2\/product"}],"about":[{"href":"https:\/\/aseroladetox.com\/tr\/wp-json\/wp\/v2\/types\/product"}],"replies":[{"embeddable":true,"href":"https:\/\/aseroladetox.com\/tr\/wp-json\/wp\/v2\/comments?post=2333"}],"wp:featuredmedia":[{"embeddable":true,"href":"https:\/\/aseroladetox.com\/tr\/wp-json\/wp\/v2\/media\/2428"}],"wp:attachment":[{"href":"https:\/\/aseroladetox.com\/tr\/wp-json\/wp\/v2\/media?parent=2333"}],"wp:term":[{"taxonomy":"product_brand","embeddable":true,"href":"https:\/\/aseroladetox.com\/tr\/wp-json\/wp\/v2\/product_brand?post=2333"},{"taxonomy":"product_cat","embeddable":true,"href":"https:\/\/aseroladetox.com\/tr\/wp-json\/wp\/v2\/product_cat?post=2333"},{"taxonomy":"product_tag","embeddable":true,"href":"https:\/\/aseroladetox.com\/tr\/wp-json\/wp\/v2\/product_tag?post=2333"}],"curies":[{"name":"wp","href":"https:\/\/api.w.org\/{rel}","templated":true}]}}