{"id":2558,"date":"2025-07-12T16:35:58","date_gmt":"2025-07-12T16:35:58","guid":{"rendered":"https:\/\/aseroladetox.com\/?post_type=product&#038;p=2558"},"modified":"2025-10-01T07:57:22","modified_gmt":"2025-10-01T07:57:22","slug":"premium-gold-capsel-19-95-euro-aktion-sale","status":"publish","type":"product","link":"https:\/\/aseroladetox.com\/tr\/product\/premium-gold-capsel-19-95-euro-aktion-sale\/","title":{"rendered":"Meri Detox Premium Gold Capsel 19.95 euro"},"content":{"rendered":"<p>MeriDetox Premium Gold Capsules naturally support weight loss, boost fat burning, and help you achieve a fit and healthy body.<\/p>","protected":false},"excerpt":{"rendered":"<p>MeriDetox Premium Gold Kapseln unterst\u00fctzen auf nat\u00fcrliche Weise die Gewichtsabnahme, f\u00f6rdern die Fettverbrennung und helfen Ihnen, eine schlanke und gesunde Figur zu erreichen.<\/p>","protected":false},"featured_media":2576,"comment_status":"closed","ping_status":"closed","template":"","meta":[],"product_brand":[],"product_cat":[220,218,222,225,15],"product_tag":[],"class_list":{"0":"post-2558","1":"product","2":"type-product","3":"status-publish","4":"has-post-thumbnail","6":"product_cat-bestseller","7":"product_cat-meri-detox","8":"product_cat-oezlex-tea","9":"product_cat-premium-tea-gold","10":"product_cat-uncategorized","12":"first","13":"instock","14":"shipping-taxable","15":"purchasable","16":"product-type-simple"},"aioseo_notices":[],"_links":{"self":[{"href":"https:\/\/aseroladetox.com\/tr\/wp-json\/wp\/v2\/product\/2558","targetHints":{"allow":["GET"]}}],"collection":[{"href":"https:\/\/aseroladetox.com\/tr\/wp-json\/wp\/v2\/product"}],"about":[{"href":"https:\/\/aseroladetox.com\/tr\/wp-json\/wp\/v2\/types\/product"}],"replies":[{"embeddable":true,"href":"https:\/\/aseroladetox.com\/tr\/wp-json\/wp\/v2\/comments?post=2558"}],"wp:featuredmedia":[{"embeddable":true,"href":"https:\/\/aseroladetox.com\/tr\/wp-json\/wp\/v2\/media\/2576"}],"wp:attachment":[{"href":"https:\/\/aseroladetox.com\/tr\/wp-json\/wp\/v2\/media?parent=2558"}],"wp:term":[{"taxonomy":"product_brand","embeddable":true,"href":"https:\/\/aseroladetox.com\/tr\/wp-json\/wp\/v2\/product_brand?post=2558"},{"taxonomy":"product_cat","embeddable":true,"href":"https:\/\/aseroladetox.com\/tr\/wp-json\/wp\/v2\/product_cat?post=2558"},{"taxonomy":"product_tag","embeddable":true,"href":"https:\/\/aseroladetox.com\/tr\/wp-json\/wp\/v2\/product_tag?post=2558"}],"curies":[{"name":"wp","href":"https:\/\/api.w.org\/{rel}","templated":true}]}}